{"id":4955,"date":"2025-05-26T07:39:38","date_gmt":"2025-05-26T07:39:38","guid":{"rendered":"https:\/\/sendaberri.com\/?page_id=4955"},"modified":"2025-11-27T13:13:55","modified_gmt":"2025-11-27T13:13:55","slug":"actualidad","status":"publish","type":"page","link":"https:\/\/sendaberri.com\/es\/actualidad\/","title":{"rendered":"Actualidad"},"content":{"rendered":"\t\t<div data-elementor-type=\"wp-page\" data-elementor-id=\"4955\" class=\"elementor elementor-4955\" data-elementor-post-type=\"page\">\n\t\t\t\t<div class=\"elementor-element elementor-element-087b46f e-flex e-con-boxed e-con e-parent\" data-id=\"087b46f\" data-element_type=\"container\" data-e-type=\"container\">\n\t\t\t\t\t<div class=\"e-con-inner\">\n\t\t\t\t<div class=\"elementor-element elementor-element-9e63b2c elementor-widget elementor-widget-heading\" data-id=\"9e63b2c\" data-element_type=\"widget\" data-e-type=\"widget\" data-widget_type=\"heading.default\">\n\t\t\t\t<div class=\"elementor-widget-container\">\n\t\t\t\t\t<h2 class=\"elementor-heading-title elementor-size-default\">Actualidad<\/h2>\t\t\t\t<\/div>\n\t\t\t\t<\/div>\n\t\t\t\t\t<\/div>\n\t\t\t\t<\/div>\n\t\t<div class=\"elementor-element elementor-element-f3425de e-flex e-con-boxed e-con e-parent\" data-id=\"f3425de\" data-element_type=\"container\" data-e-type=\"container\">\n\t\t\t\t\t<div class=\"e-con-inner\">\n\t\t\t\t<div class=\"elementor-element elementor-element-c04d5c1 elementor-grid-eael-col-3 elementor-grid-tablet-eael-col-2 elementor-grid-mobile-eael-col-1 elementor-widget elementor-widget-eael-post-grid\" data-id=\"c04d5c1\" data-element_type=\"widget\" data-e-type=\"widget\" data-settings=\"{&quot;eael_post_grid_columns&quot;:&quot;eael-col-3&quot;,&quot;eael_post_grid_columns_tablet&quot;:&quot;eael-col-2&quot;,&quot;eael_post_grid_columns_mobile&quot;:&quot;eael-col-1&quot;}\" data-widget_type=\"eael-post-grid.default\">\n\t\t\t\t<div class=\"elementor-widget-container\">\n\t\t\t\t\t<div id=\"eael-post-grid-c04d5c1\" class=\"eael-post-grid-container\">\n            <div class=\"eael-post-grid eael-post-appender eael-post-appender-c04d5c1 eael-post-grid-style-three\" data-layout-mode=\"grid\"><article class=\"eael-grid-post  eael-post-grid-column eael-pg-post-5655 category-noticia\" data-id=\"5655\">\n        <div class=\"eael-grid-post-holder\">\n            <div class=\"eael-grid-post-holder-inner\"><div class=\"eael-entry-media\"><div class=\"eael-entry-overlay fade-in\"><i class=\"fas fa-long-arrow-alt-right\" aria-hidden=\"true\"><\/i><a href=\"https:\/\/sendaberri.com\/es\/sendaberri-2027-presenta-tu-propuesta-aurkeztu-zure-proposamena\/\"><\/a><\/div><div class=\"eael-entry-thumbnail \">\n                 <img fetchpriority=\"high\" decoding=\"async\" width=\"1670\" height=\"1200\" src=\"https:\/\/sendaberri.com\/wp-content\/uploads\/2026\/04\/Sendaberri_web_Bases2027-1.jpg\" class=\"attachment-full size-full wp-image-5656\" alt=\"\" style=\"width:100%;height:71.86%;max-width:1670px\" srcset=\"https:\/\/sendaberri.com\/wp-content\/uploads\/2026\/04\/Sendaberri_web_Bases2027-1.jpg 1670w, https:\/\/sendaberri.com\/wp-content\/uploads\/2026\/04\/Sendaberri_web_Bases2027-1-300x216.jpg 300w, https:\/\/sendaberri.com\/wp-content\/uploads\/2026\/04\/Sendaberri_web_Bases2027-1-1024x736.jpg 1024w, https:\/\/sendaberri.com\/wp-content\/uploads\/2026\/04\/Sendaberri_web_Bases2027-1-768x552.jpg 768w, https:\/\/sendaberri.com\/wp-content\/uploads\/2026\/04\/Sendaberri_web_Bases2027-1-1536x1104.jpg 1536w, https:\/\/sendaberri.com\/wp-content\/uploads\/2026\/04\/Sendaberri_web_Bases2027-1-18x12.jpg 18w, https:\/\/sendaberri.com\/wp-content\/uploads\/2026\/04\/Sendaberri_web_Bases2027-1-1568x1127.jpg 1568w\" sizes=\"(max-width: 1670px) 100vw, 1670px\" \/>\n             <\/div>\n        <\/div><span class=\"eael-meta-posted-on\"><time datetime=\"8 de abril de 2026\"><span>08<\/span>abril<\/time><\/span><div class=\"eael-entry-wrapper\"><header class=\"eael-entry-header\"><h2 class=\"eael-entry-title\"><a class=\"eael-grid-post-link\" href=\"https:\/\/sendaberri.com\/es\/sendaberri-2027-presenta-tu-propuesta-aurkeztu-zure-proposamena\/\" title=\"Sendaberri 2027 &#8211; \u00a1Presenta tu propuesta!\">Sendaberri 2027 &#8211; \u00a1Presenta tu propuesta!<\/a><\/h2><\/header><div class=\"eael-entry-content\">\n                        <div class=\"eael-grid-post-excerpt\"><a href=\"https:\/\/sendaberri.com\/es\/sendaberri-2027-presenta-tu-propuesta-aurkeztu-zure-proposamena\/\" class=\"eael-post-elements-readmore-btn\">Leer m\u00e1s<\/a><\/div>\n                    <\/div><\/div><\/div>\n        <\/div>\n    <\/article><article class=\"eael-grid-post  eael-post-grid-column eael-pg-post-5631 category-noticia\" data-id=\"5631\">\n        <div class=\"eael-grid-post-holder\">\n            <div class=\"eael-grid-post-holder-inner\"><div class=\"eael-entry-media\"><div class=\"eael-entry-overlay fade-in\"><i class=\"fas fa-long-arrow-alt-right\" aria-hidden=\"true\"><\/i><a href=\"https:\/\/sendaberri.com\/es\/el-circuito-sendaberri-ofrecera-en-esta-edicion-67-funciones-de-13-companias-en-32-localidades-socias-de-la-red-de-teatros-de-navarra\/\"><\/a><\/div><div class=\"eael-entry-thumbnail \">\n                 <img decoding=\"async\" width=\"1600\" height=\"1067\" src=\"https:\/\/sendaberri.com\/wp-content\/uploads\/2026\/03\/2026_03_02-Sendaberri0B8A9131.jpg\" class=\"attachment-full size-full wp-image-5633\" alt=\"\" style=\"width:100%;height:66.69%;max-width:1600px\" srcset=\"https:\/\/sendaberri.com\/wp-content\/uploads\/2026\/03\/2026_03_02-Sendaberri0B8A9131.jpg 1600w, https:\/\/sendaberri.com\/wp-content\/uploads\/2026\/03\/2026_03_02-Sendaberri0B8A9131-300x200.jpg 300w, https:\/\/sendaberri.com\/wp-content\/uploads\/2026\/03\/2026_03_02-Sendaberri0B8A9131-1024x683.jpg 1024w, https:\/\/sendaberri.com\/wp-content\/uploads\/2026\/03\/2026_03_02-Sendaberri0B8A9131-768x512.jpg 768w, https:\/\/sendaberri.com\/wp-content\/uploads\/2026\/03\/2026_03_02-Sendaberri0B8A9131-1536x1024.jpg 1536w, https:\/\/sendaberri.com\/wp-content\/uploads\/2026\/03\/2026_03_02-Sendaberri0B8A9131-18x12.jpg 18w, https:\/\/sendaberri.com\/wp-content\/uploads\/2026\/03\/2026_03_02-Sendaberri0B8A9131-1568x1046.jpg 1568w\" sizes=\"(max-width: 1600px) 100vw, 1600px\" \/>\n             <\/div>\n        <\/div><span class=\"eael-meta-posted-on\"><time datetime=\"4 de marzo de 2026\"><span>04<\/span>marzo<\/time><\/span><div class=\"eael-entry-wrapper\"><header class=\"eael-entry-header\"><h2 class=\"eael-entry-title\"><a class=\"eael-grid-post-link\" href=\"https:\/\/sendaberri.com\/es\/el-circuito-sendaberri-ofrecera-en-esta-edicion-67-funciones-de-13-companias-en-32-localidades-socias-de-la-red-de-teatros-de-navarra\/\" title=\"El Circuito Sendaberri ofrecer\u00e1 en esta edici\u00f3n 67 funciones, de 13 compa\u00f1\u00edas en 32 localidades socias de la Red de Teatros de Navarra.\">El Circuito Sendaberri ofrecer\u00e1 en esta edici\u00f3n 67 funciones, de 13 compa\u00f1\u00edas en 32 localidades socias de la Red de Teatros de Navarra.<\/a><\/h2><\/header><div class=\"eael-entry-content\">\n                        <div class=\"eael-grid-post-excerpt\"><a href=\"https:\/\/sendaberri.com\/es\/el-circuito-sendaberri-ofrecera-en-esta-edicion-67-funciones-de-13-companias-en-32-localidades-socias-de-la-red-de-teatros-de-navarra\/\" class=\"eael-post-elements-readmore-btn\">Leer m\u00e1s<\/a><\/div>\n                    <\/div><\/div><\/div>\n        <\/div>\n    <\/article><article class=\"eael-grid-post  eael-post-grid-column eael-pg-post-5030 category-noticia\" data-id=\"5030\">\n        <div class=\"eael-grid-post-holder\">\n            <div class=\"eael-grid-post-holder-inner\"><div class=\"eael-entry-media\"><div class=\"eael-entry-overlay fade-in\"><i class=\"fas fa-long-arrow-alt-right\" aria-hidden=\"true\"><\/i><a href=\"https:\/\/sendaberri.com\/es\/propuestas-seleccionadas-para-el-catalogo-sendaberri-2026\/\"><\/a><\/div><div class=\"eael-entry-thumbnail \">\n                 <img decoding=\"async\" width=\"1600\" height=\"1066\" src=\"https:\/\/sendaberri.com\/wp-content\/uploads\/2025\/11\/lorenzo-scutti-3-2.jpg\" class=\"attachment-full size-full wp-image-5032\" alt=\"\" style=\"width:100%;height:66.63%;max-width:1600px\" srcset=\"https:\/\/sendaberri.com\/wp-content\/uploads\/2025\/11\/lorenzo-scutti-3-2.jpg 1600w, https:\/\/sendaberri.com\/wp-content\/uploads\/2025\/11\/lorenzo-scutti-3-2-300x200.jpg 300w, https:\/\/sendaberri.com\/wp-content\/uploads\/2025\/11\/lorenzo-scutti-3-2-1024x682.jpg 1024w, https:\/\/sendaberri.com\/wp-content\/uploads\/2025\/11\/lorenzo-scutti-3-2-768x512.jpg 768w, https:\/\/sendaberri.com\/wp-content\/uploads\/2025\/11\/lorenzo-scutti-3-2-1536x1023.jpg 1536w, https:\/\/sendaberri.com\/wp-content\/uploads\/2025\/11\/lorenzo-scutti-3-2-18x12.jpg 18w, https:\/\/sendaberri.com\/wp-content\/uploads\/2025\/11\/lorenzo-scutti-3-2-1568x1045.jpg 1568w\" sizes=\"(max-width: 1600px) 100vw, 1600px\" \/>\n             <\/div>\n        <\/div><span class=\"eael-meta-posted-on\"><time datetime=\"27 de noviembre de 2025\"><span>27<\/span>noviembre<\/time><\/span><div class=\"eael-entry-wrapper\"><header class=\"eael-entry-header\"><h2 class=\"eael-entry-title\"><a class=\"eael-grid-post-link\" href=\"https:\/\/sendaberri.com\/es\/propuestas-seleccionadas-para-el-catalogo-sendaberri-2026\/\" title=\"PROPUESTAS SELECCIONADAS PARA EL CAT\u00c1LOGO SENDABERRI 2026\">PROPUESTAS SELECCIONADAS PARA EL CAT\u00c1LOGO SENDABERRI 2026<\/a><\/h2><\/header><div class=\"eael-entry-content\">\n                        <div class=\"eael-grid-post-excerpt\"><a href=\"https:\/\/sendaberri.com\/es\/propuestas-seleccionadas-para-el-catalogo-sendaberri-2026\/\" class=\"eael-post-elements-readmore-btn\">Leer m\u00e1s<\/a><\/div>\n                    <\/div><\/div><\/div>\n        <\/div>\n    <\/article><article class=\"eael-grid-post  eael-post-grid-column eael-pg-post-5001 category-noticia\" data-id=\"5001\">\n        <div class=\"eael-grid-post-holder\">\n            <div class=\"eael-grid-post-holder-inner\"><div class=\"eael-entry-media\"><div class=\"eael-entry-overlay fade-in\"><i class=\"fas fa-long-arrow-alt-right\" aria-hidden=\"true\"><\/i><a href=\"https:\/\/sendaberri.com\/es\/sendaberri-2026-presenta-tu-propuesta-aurkeztu-zure-proposamena\/\"><\/a><\/div><div class=\"eael-entry-thumbnail \">\n                 <img loading=\"lazy\" decoding=\"async\" width=\"1670\" height=\"1200\" src=\"https:\/\/sendaberri.com\/wp-content\/uploads\/2025\/10\/Sendaberri_web_Bases2026.jpg\" class=\"attachment-full size-full wp-image-5003\" alt=\"\" style=\"width:100%;height:71.86%;max-width:1670px\" srcset=\"https:\/\/sendaberri.com\/wp-content\/uploads\/2025\/10\/Sendaberri_web_Bases2026.jpg 1670w, https:\/\/sendaberri.com\/wp-content\/uploads\/2025\/10\/Sendaberri_web_Bases2026-300x216.jpg 300w, https:\/\/sendaberri.com\/wp-content\/uploads\/2025\/10\/Sendaberri_web_Bases2026-1024x736.jpg 1024w, https:\/\/sendaberri.com\/wp-content\/uploads\/2025\/10\/Sendaberri_web_Bases2026-768x552.jpg 768w, https:\/\/sendaberri.com\/wp-content\/uploads\/2025\/10\/Sendaberri_web_Bases2026-1536x1104.jpg 1536w, https:\/\/sendaberri.com\/wp-content\/uploads\/2025\/10\/Sendaberri_web_Bases2026-18x12.jpg 18w, https:\/\/sendaberri.com\/wp-content\/uploads\/2025\/10\/Sendaberri_web_Bases2026-1568x1127.jpg 1568w\" sizes=\"(max-width: 1670px) 100vw, 1670px\" \/>\n             <\/div>\n        <\/div><span class=\"eael-meta-posted-on\"><time datetime=\"13 de octubre de 2025\"><span>13<\/span>octubre<\/time><\/span><div class=\"eael-entry-wrapper\"><header class=\"eael-entry-header\"><h2 class=\"eael-entry-title\"><a class=\"eael-grid-post-link\" href=\"https:\/\/sendaberri.com\/es\/sendaberri-2026-presenta-tu-propuesta-aurkeztu-zure-proposamena\/\" title=\"SENDABERRI 2026 &#8211; \u00a1Presenta tu propuesta &#8211; Aurkeztu zure proposamena!\">SENDABERRI 2026 &#8211; \u00a1Presenta tu propuesta &#8211; Aurkeztu zure proposamena!<\/a><\/h2><\/header><div class=\"eael-entry-content\">\n                        <div class=\"eael-grid-post-excerpt\"><a href=\"https:\/\/sendaberri.com\/es\/sendaberri-2026-presenta-tu-propuesta-aurkeztu-zure-proposamena\/\" class=\"eael-post-elements-readmore-btn\">Leer m\u00e1s<\/a><\/div>\n                    <\/div><\/div><\/div>\n        <\/div>\n    <\/article><article class=\"eael-grid-post  eael-post-grid-column eael-pg-post-4965 category-noticia\" data-id=\"4965\">\n        <div class=\"eael-grid-post-holder\">\n            <div class=\"eael-grid-post-holder-inner\"><div class=\"eael-entry-media\"><div class=\"eael-entry-overlay fade-in\"><i class=\"fas fa-long-arrow-alt-right\" aria-hidden=\"true\"><\/i><a href=\"https:\/\/sendaberri.com\/es\/sendaberri-nuevos-paisajes-escenicos-paisaia-eszeniko-berriak-2025-ofrecera-67-funciones-de-15-companias-10-de-ellas-de-navarra-en-31-localidades-socias-de-la-propia-red\/\"><\/a><\/div><div class=\"eael-entry-thumbnail \">\n                 <img loading=\"lazy\" decoding=\"async\" width=\"2300\" height=\"1294\" src=\"https:\/\/sendaberri.com\/wp-content\/uploads\/2025\/05\/Pantalla_sendaberri_2025.jpg\" class=\"attachment-full size-full wp-image-4970\" alt=\"\" style=\"width:100%;height:56.26%;max-width:2300px\" srcset=\"https:\/\/sendaberri.com\/wp-content\/uploads\/2025\/05\/Pantalla_sendaberri_2025.jpg 2300w, https:\/\/sendaberri.com\/wp-content\/uploads\/2025\/05\/Pantalla_sendaberri_2025-300x169.jpg 300w, https:\/\/sendaberri.com\/wp-content\/uploads\/2025\/05\/Pantalla_sendaberri_2025-1024x576.jpg 1024w, https:\/\/sendaberri.com\/wp-content\/uploads\/2025\/05\/Pantalla_sendaberri_2025-768x432.jpg 768w, https:\/\/sendaberri.com\/wp-content\/uploads\/2025\/05\/Pantalla_sendaberri_2025-1536x864.jpg 1536w, https:\/\/sendaberri.com\/wp-content\/uploads\/2025\/05\/Pantalla_sendaberri_2025-2048x1152.jpg 2048w, https:\/\/sendaberri.com\/wp-content\/uploads\/2025\/05\/Pantalla_sendaberri_2025-18x10.jpg 18w, https:\/\/sendaberri.com\/wp-content\/uploads\/2025\/05\/Pantalla_sendaberri_2025-1568x882.jpg 1568w\" sizes=\"(max-width: 2300px) 100vw, 2300px\" \/>\n             <\/div>\n        <\/div><span class=\"eael-meta-posted-on\"><time datetime=\"3 de marzo de 2025\"><span>03<\/span>marzo<\/time><\/span><div class=\"eael-entry-wrapper\"><header class=\"eael-entry-header\"><h2 class=\"eael-entry-title\"><a class=\"eael-grid-post-link\" href=\"https:\/\/sendaberri.com\/es\/sendaberri-nuevos-paisajes-escenicos-paisaia-eszeniko-berriak-2025-ofrecera-67-funciones-de-15-companias-10-de-ellas-de-navarra-en-31-localidades-socias-de-la-propia-red\/\" title=\"Sendaberri, Nuevos paisajes esc\u00e9nicos \u2013 Paisaia eszeniko berriak 2025, ofrecer\u00e1 67 funciones, de 15 compa\u00f1\u00edas, 10 de ellas de Navarra, en 31 localidades socias de la propia red\">Sendaberri, Nuevos paisajes esc\u00e9nicos \u2013 Paisaia eszeniko berriak 2025, ofrecer\u00e1 67 funciones, de 15 compa\u00f1\u00edas, 10 de ellas de Navarra, en 31 localidades socias de la propia red<\/a><\/h2><\/header><div class=\"eael-entry-content\">\n                        <div class=\"eael-grid-post-excerpt\"><a href=\"https:\/\/sendaberri.com\/es\/sendaberri-nuevos-paisajes-escenicos-paisaia-eszeniko-berriak-2025-ofrecera-67-funciones-de-15-companias-10-de-ellas-de-navarra-en-31-localidades-socias-de-la-propia-red\/\" class=\"eael-post-elements-readmore-btn\">Leer m\u00e1s<\/a><\/div>\n                    <\/div><\/div><\/div>\n        <\/div>\n    <\/article><article class=\"eael-grid-post  eael-post-grid-column eael-pg-post-4948 category-noticia\" data-id=\"4948\">\n        <div class=\"eael-grid-post-holder\">\n            <div class=\"eael-grid-post-holder-inner\"><div class=\"eael-entry-media\"><div class=\"eael-entry-overlay fade-in\"><i class=\"fas fa-long-arrow-alt-right\" aria-hidden=\"true\"><\/i><a href=\"https:\/\/sendaberri.com\/es\/asi-fue-sendaberri-2024-en-breve-os-presentaremos-la-nueva-programacion-de-esta-edicion\/\"><\/a><\/div><div class=\"eael-entry-thumbnail \">\n                 <img loading=\"lazy\" decoding=\"async\" width=\"1920\" height=\"1080\" src=\"https:\/\/sendaberri.com\/wp-content\/uploads\/2024\/02\/Captura-de-pantalla-2024-02-27-a-las-11.18.18.png\" class=\"attachment-full size-full wp-image-4074\" alt=\"\" style=\"width:100%;height:56.25%;max-width:1920px\" srcset=\"https:\/\/sendaberri.com\/wp-content\/uploads\/2024\/02\/Captura-de-pantalla-2024-02-27-a-las-11.18.18.png 1920w, https:\/\/sendaberri.com\/wp-content\/uploads\/2024\/02\/Captura-de-pantalla-2024-02-27-a-las-11.18.18-300x169.png 300w, https:\/\/sendaberri.com\/wp-content\/uploads\/2024\/02\/Captura-de-pantalla-2024-02-27-a-las-11.18.18-1024x576.png 1024w, https:\/\/sendaberri.com\/wp-content\/uploads\/2024\/02\/Captura-de-pantalla-2024-02-27-a-las-11.18.18-768x432.png 768w, https:\/\/sendaberri.com\/wp-content\/uploads\/2024\/02\/Captura-de-pantalla-2024-02-27-a-las-11.18.18-1536x864.png 1536w, https:\/\/sendaberri.com\/wp-content\/uploads\/2024\/02\/Captura-de-pantalla-2024-02-27-a-las-11.18.18-18x10.png 18w, https:\/\/sendaberri.com\/wp-content\/uploads\/2024\/02\/Captura-de-pantalla-2024-02-27-a-las-11.18.18-1568x882.png 1568w\" sizes=\"(max-width: 1920px) 100vw, 1920px\" \/>\n             <\/div>\n        <\/div><span class=\"eael-meta-posted-on\"><time datetime=\"6 de febrero de 2025\"><span>06<\/span>febrero<\/time><\/span><div class=\"eael-entry-wrapper\"><header class=\"eael-entry-header\"><h2 class=\"eael-entry-title\"><a class=\"eael-grid-post-link\" href=\"https:\/\/sendaberri.com\/es\/asi-fue-sendaberri-2024-en-breve-os-presentaremos-la-nueva-programacion-de-esta-edicion\/\" title=\"As\u00ed fue Sendaberri 2024. En breve os presentaremos la nueva programaci\u00f3n de esta edici\u00f3n\">As\u00ed fue Sendaberri 2024. En breve os presentaremos la nueva programaci\u00f3n de esta edici\u00f3n<\/a><\/h2><\/header><div class=\"eael-entry-content\">\n                        <div class=\"eael-grid-post-excerpt\"><a href=\"https:\/\/sendaberri.com\/es\/asi-fue-sendaberri-2024-en-breve-os-presentaremos-la-nueva-programacion-de-esta-edicion\/\" class=\"eael-post-elements-readmore-btn\">Leer m\u00e1s<\/a><\/div>\n                    <\/div><\/div><\/div>\n        <\/div>\n    <\/article><\/div>\n            <div class=\"clearfix\"><\/div>\n        <\/div>\t\t\t\t<\/div>\n\t\t\t\t<\/div>\n\t\t\t\t\t<\/div>\n\t\t\t\t<\/div>\n\t\t\t\t<\/div>\n\t\t","protected":false},"excerpt":{"rendered":"<p>Actualidad 27noviembre PROPUESTAS SELECCIONADAS PARA EL CAT\u00c1LOGO SENDABERRI 2026 Leer m\u00e1s 13octubre SENDABERRI 2026 &#8211; \u00a1Presenta tu propuesta &#8211; Aurkeztu zure proposamena! Leer m\u00e1s 03marzo Sendaberri, Nuevos paisajes esc\u00e9nicos \u2013 Paisaia eszeniko berriak 2025, ofrecer\u00e1 67 funciones, de 15 compa\u00f1\u00edas, 10 de ellas de Navarra, en 31 localidades socias de la propia red Leer m\u00e1s&hellip; <a class=\"more-link\" href=\"https:\/\/sendaberri.com\/es\/asi-fue-sendaberri-2024-en-breve-os-presentaremos-la-nueva-programacion-de-esta-edicion\/\">Seguir leyendo <span class=\"screen-reader-text\">As\u00ed fue Sendaberri 2024. En breve os presentaremos la nueva programaci\u00f3n de esta edici\u00f3n<\/span><\/a><\/p>\n","protected":false},"author":1,"featured_media":0,"parent":0,"menu_order":0,"comment_status":"closed","ping_status":"closed","template":"elementor_header_footer","meta":{"footnotes":""},"class_list":["post-4955","page","type-page","status-publish","hentry","entry"],"_links":{"self":[{"href":"https:\/\/sendaberri.com\/es\/wp-json\/wp\/v2\/pages\/4955","targetHints":{"allow":["GET"]}}],"collection":[{"href":"https:\/\/sendaberri.com\/es\/wp-json\/wp\/v2\/pages"}],"about":[{"href":"https:\/\/sendaberri.com\/es\/wp-json\/wp\/v2\/types\/page"}],"author":[{"embeddable":true,"href":"https:\/\/sendaberri.com\/es\/wp-json\/wp\/v2\/users\/1"}],"replies":[{"embeddable":true,"href":"https:\/\/sendaberri.com\/es\/wp-json\/wp\/v2\/comments?post=4955"}],"version-history":[{"count":29,"href":"https:\/\/sendaberri.com\/es\/wp-json\/wp\/v2\/pages\/4955\/revisions"}],"predecessor-version":[{"id":5041,"href":"https:\/\/sendaberri.com\/es\/wp-json\/wp\/v2\/pages\/4955\/revisions\/5041"}],"wp:attachment":[{"href":"https:\/\/sendaberri.com\/es\/wp-json\/wp\/v2\/media?parent=4955"}],"curies":[{"name":"wp","href":"https:\/\/api.w.org\/{rel}","templated":true}]}}