{"id":72,"date":"2022-02-17T12:20:28","date_gmt":"2022-02-17T12:20:28","guid":{"rendered":"https:\/\/sendaberri.com\/?page_id=72"},"modified":"2026-03-02T07:53:25","modified_gmt":"2026-03-02T07:53:25","slug":"inicio","status":"publish","type":"page","link":"https:\/\/sendaberri.com\/eus\/","title":{"rendered":"SENDABERRI"},"content":{"rendered":"<div data-elementor-type=\"wp-page\" data-elementor-id=\"72\" class=\"elementor elementor-72\" data-elementor-post-type=\"page\">\n\t\t\t\t<div class=\"elementor-element elementor-element-fbfeffe e-con-full e-flex e-con e-parent\" data-id=\"fbfeffe\" data-element_type=\"container\" data-e-type=\"container\">\n\t\t<div class=\"elementor-element elementor-element-202891d e-con-full e-flex e-con e-child\" data-id=\"202891d\" data-element_type=\"container\" data-e-type=\"container\">\n\t\t\t\t<div class=\"elementor-element elementor-element-f32a726 elementor-invisible elementor-widget elementor-widget-video\" data-id=\"f32a726\" data-element_type=\"widget\" data-e-type=\"widget\" data-settings=\"{&quot;youtube_url&quot;:&quot;https:\\\/\\\/youtu.be\\\/1Fx-mzMqAAc&quot;,&quot;_animation&quot;:&quot;fadeInUp&quot;,&quot;show_image_overlay&quot;:&quot;yes&quot;,&quot;image_overlay&quot;:{&quot;url&quot;:&quot;https:\\\/\\\/sendaberri.com\\\/wp-content\\\/uploads\\\/2026\\\/02\\\/Pantalla_sendaberri_2026-scaled.jpg&quot;,&quot;id&quot;:5597,&quot;size&quot;:&quot;&quot;,&quot;alt&quot;:&quot;&quot;,&quot;source&quot;:&quot;library&quot;},&quot;video_type&quot;:&quot;youtube&quot;}\" data-widget_type=\"video.default\">\n\t\t\t\t<div class=\"elementor-widget-container\">\n\t\t\t\t\t\t\t<div class=\"elementor-wrapper elementor-open-inline\">\n\t\t\t<div class=\"elementor-video\"><\/div>\t\t\t\t<div class=\"elementor-custom-embed-image-overlay\" style=\"background-image: url(https:\/\/sendaberri.com\/wp-content\/uploads\/2026\/02\/Pantalla_sendaberri_2026-scaled.jpg);\">\n\t\t\t\t\t\t\t\t\t\t\t\t\t\t\t\t<div class=\"elementor-custom-embed-play\" role=\"button\" aria-label=\"Reproducir v\u00eddeo\" tabindex=\"0\">\n\t\t\t\t\t\t\t<svg aria-hidden=\"true\" class=\"e-font-icon-svg e-eicon-play\" viewbox=\"0 0 1000 1000\" xmlns=\"http:\/\/www.w3.org\/2000\/svg\"><path d=\"M838 162C746 71 633 25 500 25 371 25 258 71 163 162 71 254 25 367 25 500 25 633 71 746 163 837 254 929 367 979 500 979 633 979 746 933 838 837 929 746 975 633 975 500 975 367 929 254 838 162M808 192C892 279 933 379 933 500 933 621 892 725 808 808 725 892 621 938 500 938 379 938 279 896 196 808 113 725 67 621 67 500 67 379 108 279 196 192 279 108 383 62 500 62 621 62 721 108 808 192M438 392V642L642 517 438 392Z\"><\/path><\/svg>\t\t\t\t\t\t<\/div>\n\t\t\t\t\t\t\t\t\t<\/div>\n\t\t\t\t\t<\/div>\n\t\t\t\t\t\t<\/div>\n\t\t\t\t<\/div>\n\t\t\t\t<\/div>\n\t\t\t\t<\/div>\n\t\t\t\t<section class=\"elementor-section elementor-top-section elementor-element elementor-element-5afad9c elementor-section-boxed elementor-section-height-default elementor-section-height-default elementor-invisible\" data-id=\"5afad9c\" data-element_type=\"section\" data-e-type=\"section\" data-settings=\"{&quot;animation&quot;:&quot;fadeIn&quot;}\">\n\t\t\t\t\t\t<div class=\"elementor-container elementor-column-gap-default\">\n\t\t\t\t\t<div class=\"elementor-column elementor-col-100 elementor-top-column elementor-element elementor-element-8a229ea\" data-id=\"8a229ea\" data-element_type=\"column\" data-e-type=\"column\">\n\t\t\t<div class=\"elementor-widget-wrap elementor-element-populated\">\n\t\t\t\t\t\t<div class=\"elementor-element elementor-element-841c85f elementor-widget elementor-widget-heading\" data-id=\"841c85f\" data-element_type=\"widget\" data-e-type=\"widget\" data-widget_type=\"heading.default\">\n\t\t\t\t<div class=\"elementor-widget-container\">\n\t\t\t\t\t<h2 class=\"elementor-heading-title elementor-size-default\">Agenda<\/h2>\t\t\t\t<\/div>\n\t\t\t\t<\/div>\n\t\t\t\t<div class=\"elementor-element elementor-element-b7dbddf elementor-widget elementor-widget-text-editor\" data-id=\"b7dbddf\" data-element_type=\"widget\" data-e-type=\"widget\" data-widget_type=\"text-editor.default\">\n\t\t\t\t<div class=\"elementor-widget-container\">\n\t\t\t\t\t\t\t\t\t<p>Kontsultatu 2026. urteko programazio guztia<\/p>\t\t\t\t\t\t\t\t<\/div>\n\t\t\t\t<\/div>\n\t\t\t\t<div class=\"elementor-element elementor-element-26b639b elementor-widget elementor-widget-ova_events\" data-id=\"26b639b\" data-element_type=\"widget\" data-e-type=\"widget\" data-widget_type=\"ova_events.default\">\n\t\t\t\t<div class=\"elementor-widget-container\">\n\t\t\t\t\t\n<div class=\"ovaev-event-element version_3\" >\n\n\t\n\t\n\n\t\t\t\t<div class=\"container-event\">\n\t\t\t\t<div id=\"main-event\" class=\"content-event\">\n\t\t\t\t\t<div class=\"archive_event col3\">\n\n\t\t\t\t\t\t\t\t\t\t\t\t\t\n<div class=\"ovaev-content\">\n\t<div class=\"type3\">\n\t\t<!-- Display Highlight Date 1 -->\n\t\t\n<div class=\"date-event\">\n\t<span class=\"date\">24<\/span>\n\t<span class=\"month\">Api<\/span>\n<\/div>\n\n\n\t\t<div class=\"desc\">\n\n\t\t\t<!-- Thumbnail -->\n\t\t\t\n<div class=\"event-thumbnail\" style=\"background-image:url(https:\/\/sendaberri.com\/wp-content\/uploads\/2026\/02\/Grupo-1225.jpg);\">\n\t<a href=\"https:\/\/sendaberri.com\/eus\/event\/el-hombre-aro-y-la-chica-que-buscaba-a-lorca-7\/\">\n\t\t<img fetchpriority=\"high\" decoding=\"async\" width=\"404\" height=\"424\" src=\"https:\/\/sendaberri.com\/wp-content\/uploads\/2026\/02\/Grupo-1225.jpg\" class=\"attachment-ovaev_event_thumbnail size-ovaev_event_thumbnail wp-post-image\" alt=\"\" srcset=\"https:\/\/sendaberri.com\/wp-content\/uploads\/2026\/02\/Grupo-1225.jpg 404w, https:\/\/sendaberri.com\/wp-content\/uploads\/2026\/02\/Grupo-1225-286x300.jpg 286w, https:\/\/sendaberri.com\/wp-content\/uploads\/2026\/02\/Grupo-1225-11x12.jpg 11w\" sizes=\"(max-width: 404px) 100vw, 404px\" style=\"width:100%;height:104.95%;max-width:404px;\" \/>\t<\/a>\n<\/div>\n\n\t\t\t<div class=\"event_post\">\n\t\t\t\t<!-- Tille -->\n\t\t\t\t\n<h2 class=\"second_font event_title\">\n\t<a href=\"https:\/\/sendaberri.com\/eus\/event\/el-hombre-aro-y-la-chica-que-buscaba-a-lorca-7\/\">\n\t\tEl hombre aro y la chica que buscaba a Lorca\t<\/a>\n<\/h2>\n\t\t\t\t<div class=\"time-event\">\n\t\t\t\t\t<!-- Date -->\n\t\t\t\t\t\n<div class=\"time equal-date\">\n\t\n\t<span class=\"icon-time\">\n\t\t<i class=\"far fa-clock icon_event\"><\/i>\n\t<\/span>\n\n\t\t\t<span class=\"time-date-child\">\n\t\t\t<span class=\"date-child\">\n\t\t\t\t20:00 - 21:15\t\t\t<\/span>\n\t\t<\/span>\n\t\n<\/div>\n\n\t\t\t\t\t<!-- Tille -->\n\t\t\t\t\t\n\t<div class=\"venue\">\n\t\t\n\t\t<i class=\"fas fa-map-marker-alt icon_event\"><\/i>\n\t\t\n\t\t<span class=\"number\">\n\t\t\tCentro Cultural Tafalla Kulturgunea\t\t<\/span>\n\t\t\n\t<\/div>\n\n\t\t\t\t<\/div>\n\t\t\t<\/div>\n\t\t<\/div>\n\t<\/div>\n<\/div>\n\t\t\t\t\t\t\t\t\t\t\t\t\t\n<div class=\"ovaev-content\">\n\t<div class=\"type3\">\n\t\t<!-- Display Highlight Date 1 -->\n\t\t\n<div class=\"date-event\">\n\t<span class=\"date\">25<\/span>\n\t<span class=\"month\">Api<\/span>\n<\/div>\n\n\n\t\t<div class=\"desc\">\n\n\t\t\t<!-- Thumbnail -->\n\t\t\t\n<div class=\"event-thumbnail\" style=\"background-image:url(https:\/\/sendaberri.com\/wp-content\/uploads\/2026\/02\/ELARA-BIDAI-BAT-IZARRETARA_STUDIO-37.jpg);\">\n\t<a href=\"https:\/\/sendaberri.com\/eus\/event\/elara-un-viaje-a-las-estrellas\/\">\n\t\t<img decoding=\"async\" width=\"404\" height=\"424\" src=\"https:\/\/sendaberri.com\/wp-content\/uploads\/2026\/02\/ELARA-BIDAI-BAT-IZARRETARA_STUDIO-37.jpg\" class=\"attachment-ovaev_event_thumbnail size-ovaev_event_thumbnail wp-post-image\" alt=\"\" srcset=\"https:\/\/sendaberri.com\/wp-content\/uploads\/2026\/02\/ELARA-BIDAI-BAT-IZARRETARA_STUDIO-37.jpg 404w, https:\/\/sendaberri.com\/wp-content\/uploads\/2026\/02\/ELARA-BIDAI-BAT-IZARRETARA_STUDIO-37-286x300.jpg 286w, https:\/\/sendaberri.com\/wp-content\/uploads\/2026\/02\/ELARA-BIDAI-BAT-IZARRETARA_STUDIO-37-11x12.jpg 11w\" sizes=\"(max-width: 404px) 100vw, 404px\" style=\"width:100%;height:104.95%;max-width:404px;\" \/>\t<\/a>\n<\/div>\n\n\t\t\t<div class=\"event_post\">\n\t\t\t\t<!-- Tille -->\n\t\t\t\t\n<h2 class=\"second_font event_title\">\n\t<a href=\"https:\/\/sendaberri.com\/eus\/event\/elara-un-viaje-a-las-estrellas\/\">\n\t\tElara, un viaje a las estrellas\t<\/a>\n<\/h2>\n\t\t\t\t<div class=\"time-event\">\n\t\t\t\t\t<!-- Date -->\n\t\t\t\t\t\n<div class=\"time equal-date\">\n\t\n\t<span class=\"icon-time\">\n\t\t<i class=\"far fa-clock icon_event\"><\/i>\n\t<\/span>\n\n\t\t\t<span class=\"time-date-child\">\n\t\t\t<span class=\"date-child\">\n\t\t\t\t18:00 - 18:50\t\t\t<\/span>\n\t\t<\/span>\n\t\n<\/div>\n\n\t\t\t\t\t<!-- Tille -->\n\t\t\t\t\t\n\t<div class=\"venue\">\n\t\t\n\t\t<i class=\"fas fa-map-marker-alt icon_event\"><\/i>\n\t\t\n\t\t<span class=\"number\">\n\t\t\tCentro de Artes Avenida de Cintru\u00e9nigo\t\t<\/span>\n\t\t\n\t<\/div>\n\n\t\t\t\t<\/div>\n\t\t\t<\/div>\n\t\t<\/div>\n\t<\/div>\n<\/div>\n\t\t\t\t\t\t\t\t\t\t\t\t\t\n<div class=\"ovaev-content\">\n\t<div class=\"type3\">\n\t\t<!-- Display Highlight Date 1 -->\n\t\t\n<div class=\"date-event\">\n\t<span class=\"date\">26<\/span>\n\t<span class=\"month\">Api<\/span>\n<\/div>\n\n\n\t\t<div class=\"desc\">\n\n\t\t\t<!-- Thumbnail -->\n\t\t\t\n<div class=\"event-thumbnail\" style=\"background-image:url(https:\/\/sendaberri.com\/wp-content\/uploads\/2026\/02\/Grupo-1225.jpg);\">\n\t<a href=\"https:\/\/sendaberri.com\/eus\/event\/el-hombre-aro-y-la-chica-que-buscaba-a-lorca-6\/\">\n\t\t<img fetchpriority=\"high\" decoding=\"async\" width=\"404\" height=\"424\" src=\"https:\/\/sendaberri.com\/wp-content\/uploads\/2026\/02\/Grupo-1225.jpg\" class=\"attachment-ovaev_event_thumbnail size-ovaev_event_thumbnail wp-post-image\" alt=\"\" srcset=\"https:\/\/sendaberri.com\/wp-content\/uploads\/2026\/02\/Grupo-1225.jpg 404w, https:\/\/sendaberri.com\/wp-content\/uploads\/2026\/02\/Grupo-1225-286x300.jpg 286w, https:\/\/sendaberri.com\/wp-content\/uploads\/2026\/02\/Grupo-1225-11x12.jpg 11w\" sizes=\"(max-width: 404px) 100vw, 404px\" style=\"width:100%;height:104.95%;max-width:404px;\" \/>\t<\/a>\n<\/div>\n\n\t\t\t<div class=\"event_post\">\n\t\t\t\t<!-- Tille -->\n\t\t\t\t\n<h2 class=\"second_font event_title\">\n\t<a href=\"https:\/\/sendaberri.com\/eus\/event\/el-hombre-aro-y-la-chica-que-buscaba-a-lorca-6\/\">\n\t\tEl hombre aro y la chica que buscaba a Lorca\t<\/a>\n<\/h2>\n\t\t\t\t<div class=\"time-event\">\n\t\t\t\t\t<!-- Date -->\n\t\t\t\t\t\n<div class=\"time equal-date\">\n\t\n\t<span class=\"icon-time\">\n\t\t<i class=\"far fa-clock icon_event\"><\/i>\n\t<\/span>\n\n\t\t\t<span class=\"time-date-child\">\n\t\t\t<span class=\"date-child\">\n\t\t\t\t19:00 - 20:15\t\t\t<\/span>\n\t\t<\/span>\n\t\n<\/div>\n\n\t\t\t\t\t<!-- Tille -->\n\t\t\t\t\t\n\t<div class=\"venue\">\n\t\t\n\t\t<i class=\"fas fa-map-marker-alt icon_event\"><\/i>\n\t\t\n\t\t<span class=\"number\">\n\t\t\tMurchanteko Kultur Etxea \t\t<\/span>\n\t\t\n\t<\/div>\n\n\t\t\t\t<\/div>\n\t\t\t<\/div>\n\t\t<\/div>\n\t<\/div>\n<\/div>\n\t\t\t\t\t\t\n\t\t\t\t\t<\/div>\n\t\t\t\t<\/div>\n\t\t<\/div>\n\n\t\t<\/div>\n\t\t\t\t<\/div>\n\t\t\t\t<\/div>\n\t\t\t\t<div class=\"elementor-element elementor-element-9f446f0 elementor-align-center elementor-widget elementor-widget-button\" data-id=\"9f446f0\" data-element_type=\"widget\" data-e-type=\"widget\" data-widget_type=\"button.default\">\n\t\t\t\t<div class=\"elementor-widget-container\">\n\t\t\t\t\t\t\t\t\t<div class=\"elementor-button-wrapper\">\n\t\t\t\t\t<a class=\"elementor-button elementor-button-link elementor-size-lg\" href=\"https:\/\/sendaberri.com\/eus\/agenda\/\">\n\t\t\t\t\t\t<span class=\"elementor-button-content-wrapper\">\n\t\t\t\t\t\t\t\t\t<span class=\"elementor-button-text\">Ikusi Agenda<\/span>\n\t\t\t\t\t<\/span>\n\t\t\t\t\t<\/a>\n\t\t\t\t<\/div>\n\t\t\t\t\t\t\t\t<\/div>\n\t\t\t\t<\/div>\n\t\t\t\t\t<\/div>\n\t\t<\/div>\n\t\t\t\t\t<\/div>\n\t\t<\/section>\n\t\t\t\t<section class=\"elementor-section elementor-top-section elementor-element elementor-element-126dd24 elementor-section-boxed elementor-section-height-default elementor-section-height-default elementor-invisible\" data-id=\"126dd24\" data-element_type=\"section\" data-e-type=\"section\" data-settings=\"{&quot;background_background&quot;:&quot;classic&quot;,&quot;animation&quot;:&quot;fadeInUp&quot;}\">\n\t\t\t\t\t\t<div class=\"elementor-container elementor-column-gap-wide\">\n\t\t\t\t\t<div class=\"elementor-column elementor-col-50 elementor-top-column elementor-element elementor-element-9e50be0\" data-id=\"9e50be0\" data-element_type=\"column\" data-e-type=\"column\">\n\t\t\t<div class=\"elementor-widget-wrap elementor-element-populated\">\n\t\t\t\t\t\t<div class=\"elementor-element elementor-element-f39daef elementor-widget elementor-widget-heading\" data-id=\"f39daef\" data-element_type=\"widget\" data-e-type=\"widget\" data-widget_type=\"heading.default\">\n\t\t\t\t<div class=\"elementor-widget-container\">\n\t\t\t\t\t<h2 class=\"elementor-heading-title elementor-size-default\">Gune Eszeniko parte-hartzaileak<\/h2>\t\t\t\t<\/div>\n\t\t\t\t<\/div>\n\t\t\t\t<div class=\"elementor-element elementor-element-abee578 elementor-widget elementor-widget-text-editor\" data-id=\"abee578\" data-element_type=\"widget\" data-e-type=\"widget\" data-widget_type=\"text-editor.default\">\n\t\t\t\t<div class=\"elementor-widget-container\">\n\t\t\t\t\t\t\t\t\t<p>La Red de Teatros de Navarra es una asociaci\u00f3n integrada por 36 ayuntamientos que disponen de una programaci\u00f3n regular y estable que se ve complementada en aquellos espacios que deciden participar en Sendaberri. Adem\u00e1s de la aportaci\u00f3n econ\u00f3mica que realiza cada localidad, hay que mencionar el trabajo personal de sus t\u00e9cnicos\/as. Adem\u00e1s, en algunos de estos espacios se desarrollan actividades paralelas en los d\u00edas previos a la funci\u00f3n, que no ser\u00edan posibles sin el trabajo e implicaci\u00f3n de estas personas.<\/p>\t\t\t\t\t\t\t\t<\/div>\n\t\t\t\t<\/div>\n\t\t\t\t\t<\/div>\n\t\t<\/div>\n\t\t\t\t<div class=\"elementor-column elementor-col-50 elementor-top-column elementor-element elementor-element-004732b\" data-id=\"004732b\" data-element_type=\"column\" data-e-type=\"column\" data-settings=\"{&quot;background_background&quot;:&quot;classic&quot;}\">\n\t\t\t<div class=\"elementor-widget-wrap elementor-element-populated\">\n\t\t\t\t\t\t<div class=\"elementor-element elementor-element-dbbfbae elementor-widget elementor-widget-spacer\" data-id=\"dbbfbae\" data-element_type=\"widget\" data-e-type=\"widget\" data-widget_type=\"spacer.default\">\n\t\t\t\t<div class=\"elementor-widget-container\">\n\t\t\t\t\t\t\t<div class=\"elementor-spacer\">\n\t\t\t<div class=\"elementor-spacer-inner\"><\/div>\n\t\t<\/div>\n\t\t\t\t\t\t<\/div>\n\t\t\t\t<\/div>\n\t\t\t\t\t<\/div>\n\t\t<\/div>\n\t\t\t\t\t<\/div>\n\t\t<\/section>\n\t\t\t\t<\/div>","protected":false},"excerpt":{"rendered":"<p>Agenda Consulta toda la programaci\u00f3n del 2026 06 Mar Mujeres que cantan tras el balc\u00f3n 20:00 &#8211; 21:05 Casa de Cultura de Burlada 07 Mar Mujeres que cantan tras el balc\u00f3n 19:00 &#8211; 20:05 Auditorio de Berriozar 07 Mar Nor naizen baneki 19:30 &#8211; 21:30 Centro Cultural Iortia de Alsasua Ver Agenda Espacios esc\u00e9nicos participantes&hellip; <a class=\"more-link\" href=\"https:\/\/sendaberri.com\/eus\/event\/el-hombre-aro-y-la-chica-que-buscaba-a-lorca-6\/\">Jarrai ezazu <span class=\"screen-reader-text\">El hombre aro y la chica que buscaba a Lorca<\/span> irakurtzen<\/a><\/p>","protected":false},"author":1,"featured_media":2016,"parent":0,"menu_order":0,"comment_status":"closed","ping_status":"closed","template":"elementor_header_footer","meta":{"footnotes":""},"class_list":["post-72","page","type-page","status-publish","has-post-thumbnail","hentry","entry"],"_links":{"self":[{"href":"https:\/\/sendaberri.com\/eus\/wp-json\/wp\/v2\/pages\/72","targetHints":{"allow":["GET"]}}],"collection":[{"href":"https:\/\/sendaberri.com\/eus\/wp-json\/wp\/v2\/pages"}],"about":[{"href":"https:\/\/sendaberri.com\/eus\/wp-json\/wp\/v2\/types\/page"}],"author":[{"embeddable":true,"href":"https:\/\/sendaberri.com\/eus\/wp-json\/wp\/v2\/users\/1"}],"replies":[{"embeddable":true,"href":"https:\/\/sendaberri.com\/eus\/wp-json\/wp\/v2\/comments?post=72"}],"version-history":[{"count":277,"href":"https:\/\/sendaberri.com\/eus\/wp-json\/wp\/v2\/pages\/72\/revisions"}],"predecessor-version":[{"id":5630,"href":"https:\/\/sendaberri.com\/eus\/wp-json\/wp\/v2\/pages\/72\/revisions\/5630"}],"wp:featuredmedia":[{"embeddable":true,"href":"https:\/\/sendaberri.com\/eus\/wp-json\/wp\/v2\/media\/2016"}],"wp:attachment":[{"href":"https:\/\/sendaberri.com\/eus\/wp-json\/wp\/v2\/media?parent=72"}],"curies":[{"name":"wp","href":"https:\/\/api.w.org\/{rel}","templated":true}]}}